{"id":527,"date":"2025-09-04T15:24:17","date_gmt":"2025-09-04T15:24:17","guid":{"rendered":"https:\/\/aulamestre.com\/?page_id=527"},"modified":"2025-11-06T12:57:15","modified_gmt":"2025-11-06T12:57:15","slug":"politica-de-privacidad","status":"publish","type":"page","link":"https:\/\/aulamestre.com\/es\/politica-de-privacidad\/","title":{"rendered":"Pol\u00edtica de privacidad"},"content":{"rendered":"\t\t<div data-elementor-type=\"wp-page\" data-elementor-id=\"527\" class=\"elementor elementor-527\" data-elementor-settings=\"{&quot;ha_cmc_init_switcher&quot;:&quot;no&quot;}\" data-elementor-post-type=\"page\">\n\t\t\t\t<div class=\"elementor-element elementor-element-84b8208 e-flex e-con-boxed e-con e-parent\" data-id=\"84b8208\" data-element_type=\"container\" data-e-type=\"container\" data-settings=\"{&quot;_ha_eqh_enable&quot;:false}\">\n\t\t\t\t\t<div class=\"e-con-inner\">\n\t\t\t\t<div class=\"elementor-element elementor-element-70fd98f elementor-widget elementor-widget-spacer\" data-id=\"70fd98f\" data-element_type=\"widget\" data-e-type=\"widget\" data-widget_type=\"spacer.default\">\n\t\t\t\t<div class=\"elementor-widget-container\">\n\t\t\t\t\t\t\t<div class=\"elementor-spacer\">\n\t\t\t<div class=\"elementor-spacer-inner\"><\/div>\n\t\t<\/div>\n\t\t\t\t\t\t<\/div>\n\t\t\t\t<\/div>\n\t\t\t\t<div class=\"elementor-element elementor-element-8193c20 elementor-widget elementor-widget-heading\" data-id=\"8193c20\" data-element_type=\"widget\" data-e-type=\"widget\" data-widget_type=\"heading.default\">\n\t\t\t\t<div class=\"elementor-widget-container\">\n\t\t\t\t\t<h2 class=\"elementor-heading-title elementor-size-default\">Politica de privacidad<\/h2>\t\t\t\t<\/div>\n\t\t\t\t<\/div>\n\t\t\t\t<div class=\"elementor-element elementor-element-347a59c5 elementor-widget elementor-widget-text-editor\" data-id=\"347a59c5\" data-element_type=\"widget\" data-e-type=\"widget\" data-widget_type=\"text-editor.default\">\n\t\t\t\t<div class=\"elementor-widget-container\">\n\t\t\t\t\t\t\t\t\t<p style=\"box-sizing: inherit; color: #222222; font-size: 17.6px; font-variant-ligatures: none;\">Nuestro objetivo, es ser lo m\u00e1s transparentes posible con nuestros usuarios y clientes, sobre los datos personales que recopilamos. Su privacidad es importante para nosotros.<\/p>\n\n\n<p style=\"box-sizing: inherit; color: #222222; font-size: 17.6px; font-variant-ligatures: none;\">Mediante la lectura de la presente Pol\u00edtica de Privacidad, el usuario queda informado sobre la forma en que AINHOA SANCHEZ ARENAS recaba, trata y protege los datos de car\u00e1cter personal que le son facilitados a trav\u00e9s del sitio web &#8211; http:\/\/www.aulamestre.com (en adelante, el sitio web) y aquellos otros datos que pueda facilitar en un futuro a AINHOA SANCHEZ ARENAS por otros medios.El Usuario debe leer con atenci\u00f3n esta Pol\u00edtica de Privacidad, que ha sido redactada de forma clara y sencilla, para facilitar su comprensi\u00f3n, y determinar libre y voluntariamente si desea facilitar sus datos personales a AINHOA SANCHEZ ARENAS.<\/p>\n<p style=\"box-sizing: inherit; color: #222222; font-size: 17.6px; font-variant-ligatures: none;\">Al rellenar cualquier formulario y hacer clic en la casilla \u00abAcepto condiciones\u00bb, el USUARIO manifiesta haber le\u00eddo y aceptado expresamente la presente pol\u00edtica de privacidad y otorga su consentimiento inequ\u00edvoco y expreso al tratamiento de sus datos personales, conforme a las finalidades informadas y servicios que presta AINHOA SANCHEZ ARENAS<\/p>\n<p style=\"box-sizing: inherit; color: #222222; font-size: 17.6px; font-variant-ligatures: none;\"><strong style=\"box-sizing: inherit; font-weight: bold;\">\u00bfQui\u00e9n es el responsable del tratamiento de sus datos?<\/strong><\/p>\n<ul style=\"box-sizing: inherit; margin: 1em 0px; padding: 0px 0px 0px 40px; color: #222222; font-size: 17.6px; font-variant-ligatures: none; background-color: #ffffff;\">\n<li style=\"box-sizing: inherit;\">Identidad: AINHOA SANCHEZ ARENAS -NIF: 40449345G<\/li>\n<li style=\"box-sizing: inherit;\">Direcci\u00f3n postal: C\/ SANTA LLOGAIA, 30, 17600 FIGUERES ( GIRONA)<\/li>\n<li style=\"box-sizing: inherit;\">Tel\u00e9fono: 972516314<\/li>\n<li style=\"box-sizing: inherit;\">Correo electr\u00f3nico: ainoa1976@yahoo.es<\/li>\n<\/ul>\n<h3 style=\"box-sizing: inherit; line-height: normal; font-size: 1.5em; font-family: Roboto, sans-serif; font-variant-ligatures: none;\">Tratamiento de DATOS recabados mediante la WEB<\/h3>\n<p style=\"box-sizing: inherit; color: #222222; font-size: 17.6px; font-variant-ligatures: none;\"><strong style=\"box-sizing: inherit; font-weight: bold;\">\u00bfCon qu\u00e9 finalidad tratamos sus datos personales?<\/strong><\/p>\n<p style=\"box-sizing: inherit; color: #222222; font-size: 17.6px; font-variant-ligatures: none;\">En AINHOA SANCHEZ ARENAS tratamos la informaci\u00f3n que nos facilitan las personas interesadas con el fin de atender su solicitud y enviarle comunicaciones comerciales, as\u00ed como nuestros boletines.No se van a tomar decisiones automatizadas en base de datos proporcionados.<\/p>\n<p style=\"box-sizing: inherit; color: #222222; font-size: 17.6px; font-variant-ligatures: none;\"><strong style=\"box-sizing: inherit; font-weight: bold;\">\u00bfPor cu\u00e1nto tiempo conservaremos sus datos?<\/strong><\/p>\n<p style=\"box-sizing: inherit; color: #222222; font-size: 17.6px; font-variant-ligatures: none;\">Los datos se conservar\u00e1n mientras el interesado no solicite su supresi\u00f3n.<\/p>\n<p style=\"box-sizing: inherit; color: #222222; font-size: 17.6px; font-variant-ligatures: none;\"><strong style=\"box-sizing: inherit; font-weight: bold;\">\u00bfCu\u00e1l es la legitimaci\u00f3n para el tratamiento de sus datos?<\/strong><\/p>\n<p style=\"box-sizing: inherit; color: #222222; font-size: 17.6px; font-variant-ligatures: none;\">Le indicamos la base legal para el tratamiento de sus datos:<\/p>\n<ul style=\"box-sizing: inherit; margin: 1em 0px; padding: 0px 0px 0px 40px; color: #222222; font-size: 17.6px; font-variant-ligatures: none; background-color: #ffffff;\">\n<li style=\"box-sizing: inherit;\">Consentimiento del interesado: Atender su solicitud y enviarle comunicaciones comerciales, as\u00ed como nuestros boletines.<\/li>\n<\/ul>\n<p style=\"box-sizing: inherit; color: #222222; font-size: 17.6px; font-variant-ligatures: none;\"><strong style=\"box-sizing: inherit; font-weight: bold;\">\u00bfA qu\u00e9 destinatarios se comunicar\u00e1n sus datos?<\/strong><\/p>\n<p style=\"box-sizing: inherit; color: #222222; font-size: 17.6px; font-variant-ligatures: none;\">No se ceder\u00e1n datos a terceros, salvo obligaci\u00f3n legal.<\/p>\n<p style=\"box-sizing: inherit; color: #222222; font-size: 17.6px; font-variant-ligatures: none;\"><strong style=\"box-sizing: inherit; font-weight: bold;\">\u00bfTransferencias de datos a terceros pa\u00edses?<\/strong><\/p>\n<p style=\"box-sizing: inherit; color: #222222; font-size: 17.6px; font-variant-ligatures: none;\">No est\u00e1n previstas transferencias de datos a terceros pa\u00edses.<\/p>\n<p style=\"box-sizing: inherit; color: #222222; font-size: 17.6px; font-variant-ligatures: none;\"><strong style=\"box-sizing: inherit; font-weight: bold;\">\u00bfC\u00f3mo hemos obtenido sus datos?<\/strong><\/p>\n<p style=\"box-sizing: inherit; color: #222222; font-size: 17.6px; font-variant-ligatures: none;\">Los datos personales que tratamos en AINHOA SANCHEZ ARENAS proceden del propio interesado.<\/p>\n<p style=\"box-sizing: inherit; color: #222222; font-size: 17.6px; font-variant-ligatures: none;\">No se tratan categor\u00edas especiales de datos personales (son aquellos datos que revelen el origen \u00e9tnico o racial, las opiniones pol\u00edticas, las convicciones religiosas o filos\u00f3ficas, o la afiliaci\u00f3n sindical, datos gen\u00e9ticos, datos biom\u00e9tricos dirigidos a identificar de manera un\u00edvoca a una persona f\u00edsica, datos relativos a la salud o datos relativos a la vida sexual o la orientaci\u00f3n sexual de una persona f\u00edsica).<\/p>\n<h3 style=\"box-sizing: inherit; line-height: normal; font-size: 1.5em; font-family: Roboto, sans-serif; font-variant-ligatures: none;\"><u style=\"box-sizing: inherit;\">Tratamiento del USO de la IMAGEN<\/u><\/h3>\n<p style=\"box-sizing: inherit; color: #222222; font-size: 17.6px; font-variant-ligatures: none;\"><strong style=\"box-sizing: inherit; font-weight: bold;\">\u00bfCon qu\u00e9 finalidad tratamos sus datos personales?<\/strong><\/p>\n<p style=\"box-sizing: inherit; color: #222222; font-size: 17.6px; font-variant-ligatures: none;\">En AINHOA SANCHEZ ARENAS tratamos la informaci\u00f3n que nos facilitan las personas interesadas con el fin de realizar campa\u00f1as promocionales a trav\u00e9s de redes sociales, mediante el uso de la imagen.No se van a tomar decisiones automatizadas en base de datos proporcionados.<\/p>\n<p style=\"box-sizing: inherit; color: #222222; font-size: 17.6px; font-variant-ligatures: none;\"><strong style=\"box-sizing: inherit; font-weight: bold;\">\u00bfPor cu\u00e1nto tiempo conservaremos sus datos?<\/strong><\/p>\n<p style=\"box-sizing: inherit; color: #222222; font-size: 17.6px; font-variant-ligatures: none;\">Los datos se conservar\u00e1n desde que el usuario presta su consentimiento hasta que retira dicho consentimiento.<\/p>\n<p style=\"box-sizing: inherit; color: #222222; font-size: 17.6px; font-variant-ligatures: none;\"><strong style=\"box-sizing: inherit; font-weight: bold;\">\u00bfCu\u00e1l es la legitimaci\u00f3n para el tratamiento de sus datos?<\/strong><\/p>\n<p style=\"box-sizing: inherit; color: #222222; font-size: 17.6px; font-variant-ligatures: none;\">Le indicamos la base legal para el tratamiento de sus datos:<\/p>\n<ul style=\"box-sizing: inherit; margin: 1em 0px; padding: 0px 0px 0px 40px; color: #222222; font-size: 17.6px; font-variant-ligatures: none; background-color: #ffffff;\">\n<li style=\"box-sizing: inherit;\">Consentimiento del interesado: Uso de fotograf\u00edas y videos donde aparece la imagen de usuarios, con la finalidad de la realizar campa\u00f1as de marketing corporativo. As\u00ed mismo se informa que otorgando el consentimiento las im\u00e1genes pueden ser publicadas en la web de la empresa, redes sociales y cualquier soporte que la empresa crea oportuno para realizar campa\u00f1as de marketing.<\/li>\n<\/ul>\n<p style=\"box-sizing: inherit; color: #222222; font-size: 17.6px; font-variant-ligatures: none;\"><strong style=\"box-sizing: inherit; font-weight: bold;\">\u00bfA qu\u00e9 destinatarios se comunicar\u00e1n sus datos?<\/strong><\/p>\n<p style=\"box-sizing: inherit; color: #222222; font-size: 17.6px; font-variant-ligatures: none;\">Los datos se comunicar\u00e1n a los siguientes destinatarios:<\/p>\n<ul style=\"box-sizing: inherit; margin: 1em 0px; padding: 0px 0px 0px 40px; color: #222222; font-size: 17.6px; font-variant-ligatures: none; background-color: #ffffff;\">\n<li style=\"box-sizing: inherit;\">Ser\u00e1n publicados en la web de la empresa y\/o redes sociales.<\/li>\n<\/ul>\n<p style=\"box-sizing: inherit; color: #222222; font-size: 17.6px; font-variant-ligatures: none;\"><strong style=\"box-sizing: inherit; font-weight: bold;\">\u00bfTransferencias de datos a terceros pa\u00edses?<\/strong><\/p>\n<p style=\"box-sizing: inherit; color: #222222; font-size: 17.6px; font-variant-ligatures: none;\">No est\u00e1n previstas transferencias de datos a terceros pa\u00edses.<\/p>\n<p style=\"box-sizing: inherit; color: #222222; font-size: 17.6px; font-variant-ligatures: none;\"><strong style=\"box-sizing: inherit; font-weight: bold;\">\u00bfC\u00f3mo hemos obtenidos sus datos?<\/strong><\/p>\n<p style=\"box-sizing: inherit; color: #222222; font-size: 17.6px; font-variant-ligatures: none;\">Los datos personales que tratamos en AINHOA SANCHEZ ARENAS proceden del propio interesado. Las categor\u00edas de datos que se tratan son:<\/p>\n<ul style=\"box-sizing: inherit; margin: 1em 0px; padding: 0px 0px 0px 40px; color: #222222; font-size: 17.6px; font-variant-ligatures: none; background-color: #ffffff;\">\n<li style=\"box-sizing: inherit;\">Datos identificativos (imagen)<\/li>\n<li style=\"box-sizing: inherit;\">Direcciones postales y electr\u00f3nicas<\/li>\n<li style=\"box-sizing: inherit;\">Informaci\u00f3n comercial<\/li>\n<\/ul>\n<p style=\"box-sizing: inherit; color: #222222; font-size: 17.6px; font-variant-ligatures: none;\">No se tratan categor\u00edas especiales de datos personales (son aquellos datos que revelen el origen \u00e9tnico o racial, las opiniones pol\u00edticas, las convicciones religiosas o filos\u00f3ficas, o la afiliaci\u00f3n sindical, datos gen\u00e9ticos, datos biom\u00e9tricos dirigidos a identificar de manera un\u00edvoca a una persona f\u00edsica, datos relativos a la salud o datos relativos a la vida sexual o la orientaci\u00f3n sexual de una persona f\u00edsica).<\/p>\n<h3 style=\"box-sizing: inherit; line-height: normal; font-size: 1.5em; font-family: Roboto, sans-serif; font-variant-ligatures: none;\"><u style=\"box-sizing: inherit;\">Tratamiento de DATOS de CLIENTES<\/u><\/h3>\n<p style=\"box-sizing: inherit; color: #222222; font-size: 17.6px; font-variant-ligatures: none;\"><strong style=\"box-sizing: inherit; font-weight: bold;\">\u00bfCon qu\u00e9 finalidad tratamos sus datos personales?<\/strong><\/p>\n<p style=\"box-sizing: inherit; color: #222222; font-size: 17.6px; font-variant-ligatures: none;\">En AINHOA SANCHEZ ARENAS tratamos la informaci\u00f3n que nos facilitan las personas interesadas con el fin de Realizar la gesti\u00f3n administrativa, contable y fiscal de los servicios solicitados, as\u00ed como enviar comunicaciones comerciales sobre nuestros productos y servicios.<br style=\"box-sizing: inherit;\" \/>No se van a tomar decisiones automatizadas en base de datos proporcionados.<\/p>\n<p style=\"box-sizing: inherit; color: #222222; font-size: 17.6px; font-variant-ligatures: none;\"><strong style=\"box-sizing: inherit; font-weight: bold;\">\u00bfPor cu\u00e1nto tiempo conservaremos sus datos?<\/strong><\/p>\n<p style=\"box-sizing: inherit; color: #222222; font-size: 17.6px; font-variant-ligatures: none;\">Los datos se conservar\u00e1n mientras el interesado no solicite su supresi\u00f3n, y en su caso, durante los a\u00f1os necesarios para cumplir con las obligaciones legales.<\/p>\n<p style=\"box-sizing: inherit; color: #222222; font-size: 17.6px; font-variant-ligatures: none;\"><strong style=\"box-sizing: inherit; font-weight: bold;\">\u00bfCu\u00e1l es la legitimaci\u00f3n para el tratamiento de sus datos?<\/strong><\/p>\n<p style=\"box-sizing: inherit; color: #222222; font-size: 17.6px; font-variant-ligatures: none;\">Le indicamos la base legal para el tratamiento de sus datos:<\/p>\n<ul style=\"box-sizing: inherit; margin: 1em 0px; padding: 0px 0px 0px 40px; color: #222222; font-size: 17.6px; font-variant-ligatures: none; background-color: #ffffff;\">\n<li style=\"box-sizing: inherit;\">Ejecuci\u00f3n de un contrato: Realizar la gesti\u00f3n administrativa, contable y fiscal de los servicios solicitados<\/li>\n<li style=\"box-sizing: inherit;\">Inter\u00e9s leg\u00edtimo del Responsable: Enviar comunicaciones comerciales sobre nuestros productos y servicios<\/li>\n<\/ul>\n<p style=\"box-sizing: inherit; color: #222222; font-size: 17.6px; font-variant-ligatures: none;\"><strong style=\"box-sizing: inherit; font-weight: bold;\">\u00bfA qu\u00e9 destinatarios se comunicar\u00e1n sus datos?<\/strong><\/p>\n<p style=\"box-sizing: inherit; color: #222222; font-size: 17.6px; font-variant-ligatures: none;\">Los datos se comunicar\u00e1n a los siguientes destinatarios:<\/p>\n<ul style=\"box-sizing: inherit; margin: 1em 0px; padding: 0px 0px 0px 40px; color: #222222; font-size: 17.6px; font-variant-ligatures: none; background-color: #ffffff;\">\n<li style=\"box-sizing: inherit;\">Agencia Tributaria, con la finalidad de cumplir con las obligaciones legales.<\/li>\n<li style=\"box-sizing: inherit;\">Entidades financieras, con la finalidad de girar los recibos correspondientes.<\/li>\n<\/ul>\n<p style=\"box-sizing: inherit; color: #222222; font-size: 17.6px; font-variant-ligatures: none;\"><strong style=\"box-sizing: inherit; font-weight: bold;\">Transferencias de datos a terceros pa\u00edses<\/strong><\/p>\n<p style=\"box-sizing: inherit; color: #222222; font-size: 17.6px; font-variant-ligatures: none;\">No est\u00e1n previstas transferencias de datos a terceros pa\u00edses.<\/p>\n<p style=\"box-sizing: inherit; color: #222222; font-size: 17.6px; font-variant-ligatures: none;\"><strong style=\"box-sizing: inherit; font-weight: bold;\">\u00bfC\u00f3mo hemos obtenido sus datos?<\/strong><\/p>\n<p style=\"box-sizing: inherit; color: #222222; font-size: 17.6px; font-variant-ligatures: none;\">Los datos personales que tratamos en AINHOA SANCHEZ ARENAS proceden de: El propio interesado.<br style=\"box-sizing: inherit;\" \/>Las categor\u00edas de datos que se tratan son:<\/p>\n<ul style=\"box-sizing: inherit; margin: 1em 0px; padding: 0px 0px 0px 40px; color: #222222; font-size: 17.6px; font-variant-ligatures: none; background-color: #ffffff;\">\n<li style=\"box-sizing: inherit;\">Datos identificativos.<\/li>\n<li style=\"box-sizing: inherit;\">Direcciones postales y electr\u00f3nicas.<\/li>\n<li style=\"box-sizing: inherit;\">Informaci\u00f3n comercial.<\/li>\n<\/ul>\n<h3 style=\"box-sizing: inherit; line-height: normal; font-size: 1.5em; font-family: Roboto, sans-serif; font-variant-ligatures: none;\">\u00bfCu\u00e1les son sus derechos cuando nos facilita sus datos?<\/h3>\n<p style=\"box-sizing: inherit; color: #222222; font-size: 17.6px; font-variant-ligatures: none;\">Cualquier persona tiene derecho a obtener confirmaci\u00f3n sobre si en AINHOA SANCHEZ ARENAS estamos tratando datos personales que les conciernan, o no.<\/p>\n<p style=\"box-sizing: inherit; color: #222222; font-size: 17.6px; font-variant-ligatures: none;\">Las personas interesadas tienen derecho a acceder a sus datos personales, as\u00ed como a solicitar la rectificaci\u00f3n de los datos inexactos o, en su caso, solicitar su supresi\u00f3n cuando, entre otros motivos, los datos ya no sean necesarios para los fines que fueron recogidos.<\/p>\n<p style=\"box-sizing: inherit; color: #222222; font-size: 17.6px; font-variant-ligatures: none;\">En determinadas circunstancias, los interesados podr\u00e1n solicitar la limitaci\u00f3n del tratamiento de sus datos, en cuyo caso \u00fanicamente los conservaremos para el ejercicio o la defensa de reclamaciones.<\/p>\n<p style=\"box-sizing: inherit; color: #222222; font-size: 17.6px; font-variant-ligatures: none;\">En determinadas circunstancias y por motivos relacionados con su situaci\u00f3n particular, los interesados podr\u00e1n oponerse al tratamiento de sus datos. En este caso, AINHOA SANCHEZ ARENAS dejar\u00e1 de tratar los datos, salvo por motivos leg\u00edtimos imperiosos, o el ejercicio o la defensa de posibles reclamaciones.<\/p>\n<p style=\"box-sizing: inherit; color: #222222; font-size: 17.6px; font-variant-ligatures: none;\">Podr\u00e1 ejercitar materialmente sus derechos de la siguiente forma: Tiene derecho a acceder, rectificar y suprimir los datos, as\u00ed como otros derechos, indicados en la informaci\u00f3n adicional, que puede ejercer dirigi\u00e9ndose a la direcci\u00f3n del responsable del tratamiento.<\/p>\n<p style=\"box-sizing: inherit; color: #222222; font-size: 17.6px; font-variant-ligatures: none;\">Si ha otorgado su consentimiento para alguna finalidad concreta, tiene derecho a retirar el consentimiento otorgado en cualquier momento, sin que ello afecte a la licitud del tratamiento basado en el consentimiento previo a su retirada.<\/p>\n<p style=\"box-sizing: inherit; color: #222222; font-size: 17.6px; font-variant-ligatures: none;\">Tambi\u00e9n tendr\u00e1s derecho a solicitar el acceso a sus datos personales. Esto significa que tendr\u00e1s derecho a recibir los datos personales que nos hayas facilitado en un formato estructurado, de uso com\u00fan y legible por una m\u00e1quina, para poder transmitirlo a otra entidad directamente, siempre que t\u00e9cnicamente sea posible.<\/p>\n<p style=\"box-sizing: inherit; color: #222222; font-size: 17.6px; font-variant-ligatures: none;\">En caso de que sienta vulnerados sus derechos en lo concerniente a la protecci\u00f3n de sus datos personales, especialmente cuando no haya obtenido satisfacci\u00f3n en el ejercicio de sus derechos, puede presentar una reclamaci\u00f3n ante la Autoridad de Control en materia de Protecci\u00f3n de Datos competente a trav\u00e9s de su sitio web: www.agpd.es.<\/p>\t\t\t\t\t\t\t\t<\/div>\n\t\t\t\t<\/div>\n\t\t\t\t\t<\/div>\n\t\t\t\t<\/div>\n\t\t\t\t<\/div>\n\t\t","protected":false},"excerpt":{"rendered":"<p>Politica de privacidad Nuestro objetivo, es ser lo m\u00e1s transparentes posible con nuestros usuarios y clientes, sobre los datos personales que recopilamos. Su privacidad es importante para nosotros. Mediante la lectura de la presente Pol\u00edtica de Privacidad, el usuario queda informado sobre la forma en que AINHOA SANCHEZ ARENAS recaba, trata y protege los datos [&hellip;]<\/p>\n","protected":false},"author":1,"featured_media":0,"parent":0,"menu_order":0,"comment_status":"closed","ping_status":"closed","template":"","meta":{"_acf_changed":false,"footnotes":""},"class_list":["post-527","page","type-page","status-publish","hentry"],"acf":[],"_links":{"self":[{"href":"https:\/\/aulamestre.com\/es\/wp-json\/wp\/v2\/pages\/527","targetHints":{"allow":["GET"]}}],"collection":[{"href":"https:\/\/aulamestre.com\/es\/wp-json\/wp\/v2\/pages"}],"about":[{"href":"https:\/\/aulamestre.com\/es\/wp-json\/wp\/v2\/types\/page"}],"author":[{"embeddable":true,"href":"https:\/\/aulamestre.com\/es\/wp-json\/wp\/v2\/users\/1"}],"replies":[{"embeddable":true,"href":"https:\/\/aulamestre.com\/es\/wp-json\/wp\/v2\/comments?post=527"}],"version-history":[{"count":7,"href":"https:\/\/aulamestre.com\/es\/wp-json\/wp\/v2\/pages\/527\/revisions"}],"predecessor-version":[{"id":1453,"href":"https:\/\/aulamestre.com\/es\/wp-json\/wp\/v2\/pages\/527\/revisions\/1453"}],"wp:attachment":[{"href":"https:\/\/aulamestre.com\/es\/wp-json\/wp\/v2\/media?parent=527"}],"curies":[{"name":"wp","href":"https:\/\/api.w.org\/{rel}","templated":true}]}}